{"id":2173,"date":"2023-05-17T23:35:20","date_gmt":"2023-05-17T23:35:20","guid":{"rendered":"https:\/\/www.teste2.website\/?page_id=2173"},"modified":"2023-11-06T17:23:56","modified_gmt":"2023-11-06T17:23:56","slug":"noticias","status":"publish","type":"page","link":"https:\/\/www.newsofter.pt\/index.php\/noticias\/","title":{"rendered":"Not\u00edcias"},"content":{"rendered":"\n<div class=\"wp-block-uagb-container uag-hide-mob uagb-block-e7f3d09d alignfull uagb-is-root-container\"><div class=\"uagb-container-inner-blocks-wrap\">\n<div class=\"wp-block-uagb-container uagb-block-ddade527\">\n<div class=\"wp-block-uagb-info-box uagb-block-df51d8cb uagb-infobox__content-wrap  uagb-infobox-icon-above-title uagb-infobox-image-valign-top\"><div class=\"uagb-ifb-content\"><div class=\"uagb-ifb-title-wrap\"><h1 class=\"uagb-ifb-title\">Not\u00edcias de \u00daltima Hora<\/h1><\/div><p class=\"uagb-ifb-desc\">Acompanhe todas as not\u00edcias de \u00faltima hora da NewSofter, Lda. Not\u00edcias do dia a dia, fotos e v\u00eddeos.<br><br>Seja o primeiro a saber.<\/p><div class=\"uagb-ifb-button-wrapper wp-block-button\"><a href=\"#saibamais\" class=\"uagb-infobox-cta-link wp-block-button__link\" target=\"_self\" rel=\"noopener noreferrer\" onclick=\"return true;\" alt=\"\"><span class=\"uagb-inline-editing\">Saber mais<\/span><svg xmlns=\"https:\/\/www.w3.org\/2000\/svg\" viewBox=\"0 0 512 512\"><path d=\"M256 0C114.6 0 0 114.6 0 256c0 141.4 114.6 256 256 256s256-114.6 256-256C512 114.6 397.4 0 256 0zM358.6 278.6l-112 112c-12.5 12.5-32.75 12.5-45.25 0s-12.5-32.75 0-45.25L290.8 256L201.4 166.6c-12.5-12.5-12.5-32.75 0-45.25s32.75-12.5 45.25 0l112 112C364.9 239.6 368 247.8 368 256S364.9 272.4 358.6 278.6z\"><\/path><\/svg><\/a><\/div><\/div><\/div>\n<\/div>\n\n\n\n<figure class=\"wp-block-image size-large has-custom-border is-style-rounded\"><img loading=\"lazy\" decoding=\"async\" width=\"1024\" height=\"576\" src=\"https:\/\/www.newsofter.pt\/wp-content\/uploads\/2023\/05\/5fa4351b3bd70-1024x576.jpeg\" alt=\"\" class=\"wp-image-2202\" style=\"border-style:none;border-width:0px;border-radius:5px\" srcset=\"https:\/\/www.newsofter.pt\/wp-content\/uploads\/2023\/05\/5fa4351b3bd70-1024x576.jpeg 1024w, https:\/\/www.newsofter.pt\/wp-content\/uploads\/2023\/05\/5fa4351b3bd70-300x169.jpeg 300w, https:\/\/www.newsofter.pt\/wp-content\/uploads\/2023\/05\/5fa4351b3bd70-768x432.jpeg 768w, https:\/\/www.newsofter.pt\/wp-content\/uploads\/2023\/05\/5fa4351b3bd70.jpeg 1200w\" sizes=\"auto, (max-width: 1024px) 100vw, 1024px\" \/><\/figure>\n<\/div><\/div>\n\n\n\n<div class=\"wp-block-uagb-container uag-hide-desktop uag-hide-tab uagb-block-d4b43480 alignfull uagb-is-root-container\"><div class=\"uagb-container-inner-blocks-wrap\">\n<div class=\"wp-block-uagb-container uagb-block-dbfd9bb6\">\n<div class=\"wp-block-uagb-info-box uagb-block-dc58c74e uagb-infobox__content-wrap  uagb-infobox-icon-above-title uagb-infobox-image-valign-top\"><div class=\"uagb-ifb-content\"><div class=\"uagb-ifb-title-wrap\"><h1 class=\"uagb-ifb-title\">Not\u00edcias de \u00daltima Hora<\/h1><\/div><p class=\"uagb-ifb-desc\">Acompanhe todas as not\u00edcias de \u00faltima hora da NewSofter, Lda. Not\u00edcias do dia a dia, fotos e v\u00eddeos.<br><br>Seja o primeiro a saber.<\/p><div class=\"uagb-ifb-button-wrapper wp-block-button\"><a href=\"#saibamais\" class=\"uagb-infobox-cta-link wp-block-button__link\" target=\"_self\" rel=\"noopener noreferrer\" onclick=\"return true;\" alt=\"\"><span class=\"uagb-inline-editing\">Saber mais<\/span><svg xmlns=\"https:\/\/www.w3.org\/2000\/svg\" viewBox=\"0 0 512 512\"><path d=\"M256 0C114.6 0 0 114.6 0 256c0 141.4 114.6 256 256 256s256-114.6 256-256C512 114.6 397.4 0 256 0zM358.6 278.6l-112 112c-12.5 12.5-32.75 12.5-45.25 0s-12.5-32.75 0-45.25L290.8 256L201.4 166.6c-12.5-12.5-12.5-32.75 0-45.25s32.75-12.5 45.25 0l112 112C364.9 239.6 368 247.8 368 256S364.9 272.4 358.6 278.6z\"><\/path><\/svg><\/a><\/div><\/div><\/div>\n<\/div>\n<\/div><\/div>\n\n\n\n<div class=\"wp-block-uagb-container uagb-block-a5f10fa2 alignfull uagb-is-root-container\"><div class=\"uagb-container-inner-blocks-wrap\">\n<div class=\"wp-block-uagb-container uagb-block-f7d58a11\">\n<div class=\"wp-block-uagb-advanced-heading uagb-block-99396402\"><h2 class=\"uagb-heading-text\">As Nossas Not\u00edcias <\/h2><p class=\"uagb-desc-text\">O portal de not\u00edcias da NewSofter, Lda est\u00e1 agora para ti!<\/p><div class=\"uagb-separator\"><\/div><\/div>\n<\/div>\n<\/div><\/div>\n\n\n\n<div class=\"wp-block-uagb-container uagb-block-08cbed6b alignfull uagb-is-root-container\"><div class=\"uagb-container-inner-blocks-wrap\"><\/div><\/div>\n","protected":false},"excerpt":{"rendered":"<p>As Nossas Not\u00edcias O portal de not\u00edcias da NewSofter, Lda est\u00e1 agora para ti!<\/p>\n","protected":false},"author":1,"featured_media":0,"parent":0,"menu_order":0,"comment_status":"closed","ping_status":"closed","template":"","meta":{"_uag_custom_page_level_css":"","site-sidebar-layout":"no-sidebar","site-content-layout":"page-builder","ast-global-header-display":"","ast-banner-title-visibility":"","ast-main-header-display":"","ast-hfb-above-header-display":"","ast-hfb-below-header-display":"","ast-hfb-mobile-header-display":"","site-post-title":"disabled","ast-breadcrumbs-content":"","ast-featured-img":"disabled","footer-sml-layout":"","theme-transparent-header-meta":"default","adv-header-id-meta":"","stick-header-meta":"","header-above-stick-meta":"","header-main-stick-meta":"","header-below-stick-meta":"","footnotes":""},"class_list":["post-2173","page","type-page","status-publish","hentry"],"uagb_featured_image_src":{"full":false,"thumbnail":false,"medium":false,"medium_large":false,"large":false,"1536x1536":false,"2048x2048":false},"uagb_author_info":{"display_name":"teste2","author_link":"https:\/\/www.newsofter.pt\/index.php\/author\/teste2\/"},"uagb_comment_info":0,"uagb_excerpt":"As Nossas Not\u00edcias O portal de not\u00edcias da NewSofter, Lda est\u00e1 agora para ti!","_links":{"self":[{"href":"https:\/\/www.newsofter.pt\/index.php\/wp-json\/wp\/v2\/pages\/2173","targetHints":{"allow":["GET"]}}],"collection":[{"href":"https:\/\/www.newsofter.pt\/index.php\/wp-json\/wp\/v2\/pages"}],"about":[{"href":"https:\/\/www.newsofter.pt\/index.php\/wp-json\/wp\/v2\/types\/page"}],"author":[{"embeddable":true,"href":"https:\/\/www.newsofter.pt\/index.php\/wp-json\/wp\/v2\/users\/1"}],"replies":[{"embeddable":true,"href":"https:\/\/www.newsofter.pt\/index.php\/wp-json\/wp\/v2\/comments?post=2173"}],"version-history":[{"count":11,"href":"https:\/\/www.newsofter.pt\/index.php\/wp-json\/wp\/v2\/pages\/2173\/revisions"}],"predecessor-version":[{"id":2776,"href":"https:\/\/www.newsofter.pt\/index.php\/wp-json\/wp\/v2\/pages\/2173\/revisions\/2776"}],"wp:attachment":[{"href":"https:\/\/www.newsofter.pt\/index.php\/wp-json\/wp\/v2\/media?parent=2173"}],"curies":[{"name":"wp","href":"https:\/\/api.w.org\/{rel}","templated":true}]}}